{"id":43,"date":"2020-02-17T16:43:02","date_gmt":"2020-02-17T16:43:02","guid":{"rendered":"https:\/\/alangomezsanfeliu.es\/?page_id=43"},"modified":"2026-04-28T07:18:38","modified_gmt":"2026-04-28T07:18:38","slug":"experiencia","status":"publish","type":"page","link":"http:\/\/alangomezsanfeliu.es\/ca\/experiencia\/","title":{"rendered":""},"content":{"rendered":"<div data-elementor-type=\"wp-page\" data-elementor-id=\"43\" class=\"elementor elementor-43\">\n\t\t\t\t\t\t<section class=\"elementor-section elementor-top-section elementor-element elementor-element-23d1822f elementor-section-boxed elementor-section-height-default elementor-section-height-default\" data-id=\"23d1822f\" data-element_type=\"section\">\n\t\t\t\t\t\t<div class=\"elementor-container elementor-column-gap-default\">\n\t\t\t\t\t<div class=\"elementor-column elementor-col-100 elementor-top-column elementor-element elementor-element-2080c1ac\" data-id=\"2080c1ac\" data-element_type=\"column\">\n\t\t\t<div class=\"elementor-widget-wrap elementor-element-populated\">\n\t\t\t\t\t\t<div class=\"elementor-element elementor-element-76874cbb elementor-widget__width-initial elementor-widget elementor-widget-text-editor\" data-id=\"76874cbb\" data-element_type=\"widget\" data-widget_type=\"text-editor.default\">\n\t\t\t\t<div class=\"elementor-widget-container\">\n\t\t\t\t\t\t\t<pre><img fetchpriority=\"high\" decoding=\"async\" src=\"http:\/\/alangomezsanfeliu.es\/wp-content\/uploads\/2024\/11\/IMG_1750-1-683x1024.jpg\" sizes=\"(max-width: 683px) 100vw, 683px\" srcset=\"https:\/\/alangomezsanfeliu.es\/wp-content\/uploads\/2024\/11\/IMG_1750-1-683x1024.jpg 683w, https:\/\/alangomezsanfeliu.es\/wp-content\/uploads\/2024\/11\/IMG_1750-1-200x300.jpg 200w, https:\/\/alangomezsanfeliu.es\/wp-content\/uploads\/2024\/11\/IMG_1750-1-768x1152.jpg 768w, https:\/\/alangomezsanfeliu.es\/wp-content\/uploads\/2024\/11\/IMG_1750-1-1024x1536.jpg 1024w, https:\/\/alangomezsanfeliu.es\/wp-content\/uploads\/2024\/11\/IMG_1750-1-1365x2048.jpg 1365w, https:\/\/alangomezsanfeliu.es\/wp-content\/uploads\/2024\/11\/IMG_1750-1-scaled.jpg 1707w\" alt=\"\" width=\"683\" height=\"1024\" \/><\/pre><h2><strong><span style=\"color: #ffffff;\">TEATRE<\/span><\/strong><\/h2><ul><li>2025-26 \u201cDIMARTS 13\u201d, de Jean Pierre Mart\u00ednez adaptada per Alan G\u00f3mez, Maria Salas i Alba Vilriales. Teatret d\u00b4Esparreguera, Casal d\u00b4Olesa, Sala Ars de Barcelona, LASALA de Terrassa. \/ Jaume.<\/li><li><p>2025-26 Visites guiades teatralitzades al Monestir de Sant Pon\u00e7 i al nucli urb\u00e0 de Corbera de Llobregat. Adre\u00e7a: A\u00efda Puig. Corbera de Llobregat. \/ Campaner i monjo Mariano.<\/p><\/li><li style=\"font-size: 16px;\"><pre>2023-24-25-26 \u201cEl Bosc dels Somnis\u201d , visita teatralitzada amb tem\u00e0tica nadalenca. Adre\u00e7a: Roger Cantos Masia de Can Juli\u00e0, Sant Boi de Llobregat. \/Miner Eustaqui.<\/pre><\/li><li><pre><span style=\"color: #ffffff;\">2024 \u201cMicro Comedy\u201d, espectacle de microteatre produ\u00eft per Spotly Productions. Teatre Metamorfosi, Barcelona. \/ M\u00e0nager<\/span><\/pre><\/li><li><pre><span style=\"color: #ffffff;\">2024 &quot;El Nen \u00e9s Casa&quot;, autoria i direcci\u00f3 d&#039;Alan G\u00f3mez. La Passi\u00f3 d\u00b4Esparreguera. \/ Frederic.<\/span><\/pre><\/li><li><pre><span style=\"color: #ffffff;\">2024 \u201cVaig posar-hi aquest r\u00e8tol: si visc no visc\u201d, recital de poesia catalana i castellana. Adre\u00e7a: Carles Reyn\u00e9s. Teatret d\u00b4Esparreguera. \/ Int\u00e8rpret poemes catalans masculins.<\/span><\/pre><\/li><li><pre><span style=\"color: #ffffff;\">2023 \u201cEl M\u00e0gic D&#039;Oz\u201c, Frank Baum. Adre\u00e7a: Carles Reyn\u00e9s. Teatret d\u00b4Esparreguera. \/ Home de Hojalata.<\/span><\/pre><\/li><li><pre><span style=\"color: #ffffff;\">2023 \u201cEl So del Silenci\u201c, Elisa Enrech. Adre\u00e7a: Elisa Enrech. Teatre E\u00f2lia de Barcelona. \/ Marc.<\/span><\/pre><\/li><li><pre><span style=\"color: #ffffff;\">2023 El Dentista, microteatre i tancament del Concurs de Teatre del Patronat Parroquial d&#039;Esparreguera. Direcci\u00f3: Alan G\u00f3mez i Merc\u00e8 Vallverd\u00fa\/Alex, el Dentista.<\/span><\/pre><\/li><li><pre><span style=\"color: #ffffff;\">2022 &quot;El Tinter&quot;, obra del Coverol Companyia de Teatre. Adre\u00e7a: Merc\u00e8 Vallverd\u00fa i Alan G\u00f3mez. Patronat Parroquial d&#039;Esparreguera \/ Pim i Mestre.<\/span><\/pre><\/li><li><pre><span style=\"color: #ffffff;\">2022 Mostra de final de grau &quot;L&#039;Onada&quot;, creaci\u00f3 pr\u00f2pia basada en l&#039;obra hom\u00f2nima. Adre\u00e7a: Isidre Montserrat, Isabel Bodas i Elies Barber\u00e0. EAD El Castell. \/ Rainer Wenger.<\/span><\/pre><\/li><li><pre><span style=\"color: #ffffff;\">2021 Taller &quot;El Petit Pr\u00edncep&quot;, Antoine Saint-Ex\u00fapery Direcci\u00f3: Diana Roig, Isidre Montserrat i Bernat Mestre. EAD El Castell. \/ Aviador i Ge\u00f2graf.<\/span><\/pre><\/li><li><pre><span style=\"color: #ffffff;\">2020 &quot;La Malalta Fingida&quot;, Carlo Goldoni. Adre\u00e7a: Meritxell Sabat\u00e9. Teatre la Passi\u00f3 d\u00b4Esparreguera. \/ Dr. Merl\u00ed.<\/span><\/pre><\/li><li><pre><span style=\"color: #ffffff;\">2019 Ruta Teatralitzada Modernista, Nayara Rodr\u00edguez Moreno. Adre\u00e7a: Nayara Rodr\u00edguez Moreno. Carrers del centre d&#039;Igualada. \/ Isidre Gili i Moncunill.<\/span><\/pre><\/li><li><pre><span style=\"color: #ffffff;\">2018 \u201cUn prometatge\u201d, Anton Tx\u00e8khov. Adre\u00e7a: Meritxell Sabat\u00e9. Teatre la Passi\u00f3 d\u00b4Esparreguera. \/ Ivan Vass\u00edlievitx L\u00f2mo<\/span><\/pre><p>\u00a0<\/p><\/li><\/ul><p><span style=\"color: #ffffff;\"><b><img decoding=\"async\" class=\"aligncenter wp-image-880 size-large\" src=\"http:\/\/alangomezsanfeliu.es\/wp-content\/uploads\/2026\/04\/IMG_9996-1024x769.jpg\" alt=\"\" width=\"1024\" height=\"769\" srcset=\"http:\/\/alangomezsanfeliu.es\/wp-content\/uploads\/2026\/04\/IMG_9996-1024x769.jpg 1024w, http:\/\/alangomezsanfeliu.es\/wp-content\/uploads\/2026\/04\/IMG_9996-300x225.jpg 300w, http:\/\/alangomezsanfeliu.es\/wp-content\/uploads\/2026\/04\/IMG_9996-768x577.jpg 768w, http:\/\/alangomezsanfeliu.es\/wp-content\/uploads\/2026\/04\/IMG_9996-1536x1154.jpg 1536w, http:\/\/alangomezsanfeliu.es\/wp-content\/uploads\/2026\/04\/IMG_9996-2048x1539.jpg 2048w\" sizes=\"(max-width: 1024px) 100vw, 1024px\" \/><\/b><\/span><\/p><h2>\u00a0<\/h2><h2><span style=\"color: #ffffff;\"><b>AUDIOVISUAL<\/b><\/span><\/h2><ul><li><pre>2025 Campanya Digital Caixabank x Manifest \/ Play Your Brand<\/pre><\/li><li><pre>2025 Publicitat RR.SS. per a VENTION POWERBANK \/ Volcano Global Media<\/pre><\/li><li>2024 \u00abTornar i Comen\u00e7ar\u00bb . Direcci\u00f3: Daniel Gonzom. \/ Ferran<\/li><li><pre><span style=\"color: #ffffff;\">2024 Publicitat per a DUIN SPORTS CLUB. \/ Fruitera.<\/span><\/pre><\/li><li><pre><span style=\"color: #ffffff;\">2023 \u201cMissi\u00f3 Roman\u00e7\u201d. Adre\u00e7a: Daniel Gonzom. \/ Adri\u00e1n.<\/span><\/pre><\/li><li><pre><span style=\"color: #ffffff;\">2023 \u201cLa M\u00e0fia Kawaii\u201d. Adre\u00e7a: Martina Valera. \/Tont\u00ed.<\/span><\/pre><\/li><li><pre><span style=\"color: #ffffff;\">2017 &quot;Pol\u00f2nia\u201d.TV3. Figuraci\u00f3.<\/span><\/pre><\/li><li><pre><span style=\"color: #ffffff;\">2016 \u201cLa Catedral del Mar\u201d. Antena 3. Figuraci\u00f3.<\/span><\/pre><\/li><\/ul><p><img decoding=\"async\" src=\"http:\/\/alangomezsanfeliu.es\/wp-content\/uploads\/2024\/11\/WhatsApp-Image-2024-07-13-at-23.53.12-1024x768.jpeg\" sizes=\"(max-width: 800px) 100vw, 800px\" srcset=\"https:\/\/alangomezsanfeliu.es\/wp-content\/uploads\/2024\/11\/WhatsApp-Image-2024-07-13-at-23.53.12-1024x768.jpeg 1024w, https:\/\/alangomezsanfeliu.es\/wp-content\/uploads\/2024\/11\/WhatsApp-Image-2024-07-13-at-23.53.12-300x225.jpeg 300w, https:\/\/alangomezsanfeliu.es\/wp-content\/uploads\/2024\/11\/WhatsApp-Image-2024-07-13-at-23.53.12-768x576.jpeg 768w, https:\/\/alangomezsanfeliu.es\/wp-content\/uploads\/2024\/11\/WhatsApp-Image-2024-07-13-at-23.53.12-1536x1152.jpeg 1536w, https:\/\/alangomezsanfeliu.es\/wp-content\/uploads\/2024\/11\/WhatsApp-Image-2024-07-13-at-23.53.12.jpeg 2000w\" alt=\"\" width=\"800\" height=\"600\" \/><\/p><h2><span style=\"color: #ffffff;\"><b>ANIMACIONS<br \/><\/b><\/span><\/h2><ul><li><pre>2026 - Recepci\u00f3 a SS.MM. els Reis Mags d&#039;Orient \/ Ajuntament del Bruc<\/pre><\/li><li><pre>2024 - 25 Animaci\u00f3 mercat nadalenc del Bruc \/ Ajuntament del Bruc<\/pre><\/li><li><pre>2025 Encesa de llums de Nadal \/ Ajuntament de Martorell<\/pre><\/li><li><pre>2025 Animaci\u00f3 mercat de proximitat km0 \/ Ajuntament de Sant Vicen\u00e7 de Castellet<\/pre><\/li><li><pre>2025 Animaci\u00f3 Festa de Carnaval \/Ajuntament del Bruc<\/pre><\/li><li>2024 Animacions escolars \/ La Cuca Produccions<\/li><\/ul>\t\t\t\t\t\t<\/div>\n\t\t\t\t<\/div>\n\t\t\t\t<div class=\"elementor-element elementor-element-2ee07c3 elementor-align-center elementor-widget elementor-widget-button\" data-id=\"2ee07c3\" data-element_type=\"widget\" data-widget_type=\"button.default\">\n\t\t\t\t<div class=\"elementor-widget-container\">\n\t\t\t\t\t<div class=\"elementor-button-wrapper\">\n\t\t\t<a class=\"elementor-button elementor-button-link elementor-size-sm\" href=\"https:\/\/alangomezsanfeliu.es\/wp-content\/uploads\/2026\/04\/CV-ACTOR-ALAN-GOMEZ-ESP.pdf\" target=\"_blank\">\n\t\t\t\t\t\t<span class=\"elementor-button-content-wrapper\">\n\t\t\t\t\t\t\t\t\t<span class=\"elementor-button-text\">Descarrega el meu CV<\/span>\n\t\t\t\t\t<\/span>\n\t\t\t\t\t<\/a>\n\t\t<\/div>\n\t\t\t\t<\/div>\n\t\t\t\t<\/div>\n\t\t\t\t\t<\/div>\n\t\t<\/div>\n\t\t\t\t\t<\/div>\n\t\t<\/section>\n\t\t\t\t<\/div>","protected":false},"excerpt":{"rendered":"<p>TEATRE 2025-26 \u201cDIMARTS 13\u201d, de Jean Pierre Mart\u00ednez adaptada per Alan G\u00f3mez, Maria Salas i Alba Vilriales. Teatret d\u00b4Esparreguera, Casal d\u00b4Olesa, Sala Ars de Barcelona, LASALA de Terrassa. \/ Jaume. 2025-26 Visites guiades teatralitzades al Monestir de Sant Pon\u00e7 i al nucli urb\u00e0 de Corbera de Llobregat. Adre\u00e7a: A\u00efda Puig. Corbera de Llobregat. [\u2026]<\/p>","protected":false},"author":1,"featured_media":0,"parent":0,"menu_order":0,"comment_status":"closed","ping_status":"closed","template":"","meta":{"footnotes":""},"_links":{"self":[{"href":"http:\/\/alangomezsanfeliu.es\/ca\/wp-json\/wp\/v2\/pages\/43"}],"collection":[{"href":"http:\/\/alangomezsanfeliu.es\/ca\/wp-json\/wp\/v2\/pages"}],"about":[{"href":"http:\/\/alangomezsanfeliu.es\/ca\/wp-json\/wp\/v2\/types\/page"}],"author":[{"embeddable":true,"href":"http:\/\/alangomezsanfeliu.es\/ca\/wp-json\/wp\/v2\/users\/1"}],"replies":[{"embeddable":true,"href":"http:\/\/alangomezsanfeliu.es\/ca\/wp-json\/wp\/v2\/comments?post=43"}],"version-history":[{"count":119,"href":"http:\/\/alangomezsanfeliu.es\/ca\/wp-json\/wp\/v2\/pages\/43\/revisions"}],"predecessor-version":[{"id":894,"href":"http:\/\/alangomezsanfeliu.es\/ca\/wp-json\/wp\/v2\/pages\/43\/revisions\/894"}],"wp:attachment":[{"href":"http:\/\/alangomezsanfeliu.es\/ca\/wp-json\/wp\/v2\/media?parent=43"}],"curies":[{"name":"wp","href":"https:\/\/api.w.org\/{rel}","templated":true}]}}