{"id":15,"date":"2020-02-14T13:31:53","date_gmt":"2020-02-14T13:31:53","guid":{"rendered":"https:\/\/alangomezsanfeliu.es\/?page_id=15"},"modified":"2026-04-22T12:22:06","modified_gmt":"2026-04-22T12:22:06","slug":"biografia","status":"publish","type":"page","link":"http:\/\/alangomezsanfeliu.es\/ca\/biografia\/","title":{"rendered":"Biografia"},"content":{"rendered":"<div data-elementor-type=\"wp-page\" data-elementor-id=\"15\" class=\"elementor elementor-15\">\n\t\t\t\t\t\t<section class=\"elementor-section elementor-top-section elementor-element elementor-element-4be23bc elementor-section-boxed elementor-section-height-default elementor-section-height-default\" data-id=\"4be23bc\" data-element_type=\"section\" data-settings=\"{&quot;background_background&quot;:&quot;classic&quot;}\">\n\t\t\t\t\t\t<div class=\"elementor-container elementor-column-gap-default\">\n\t\t\t\t\t<div class=\"elementor-column elementor-col-100 elementor-top-column elementor-element elementor-element-8dbbdf0\" data-id=\"8dbbdf0\" data-element_type=\"column\">\n\t\t\t<div class=\"elementor-widget-wrap elementor-element-populated\">\n\t\t\t\t\t\t<div class=\"elementor-element elementor-element-67cc910 elementor-widget elementor-widget-image\" data-id=\"67cc910\" data-element_type=\"widget\" data-widget_type=\"image.default\">\n\t\t\t\t<div class=\"elementor-widget-container\">\n\t\t\t\t\t\t\t\t\t\t\t\t\t<img fetchpriority=\"high\" decoding=\"async\" width=\"800\" height=\"1000\" src=\"http:\/\/alangomezsanfeliu.es\/wp-content\/uploads\/2024\/05\/IMG_20240326_144303_511-819x1024.jpeg\" class=\"attachment-large size-large wp-image-722\" alt=\"\" srcset=\"http:\/\/alangomezsanfeliu.es\/wp-content\/uploads\/2024\/05\/IMG_20240326_144303_511-819x1024.jpeg 819w, http:\/\/alangomezsanfeliu.es\/wp-content\/uploads\/2024\/05\/IMG_20240326_144303_511-240x300.jpeg 240w, http:\/\/alangomezsanfeliu.es\/wp-content\/uploads\/2024\/05\/IMG_20240326_144303_511-768x960.jpeg 768w, http:\/\/alangomezsanfeliu.es\/wp-content\/uploads\/2024\/05\/IMG_20240326_144303_511.jpeg 1080w\" sizes=\"(max-width: 800px) 100vw, 800px\" \/>\t\t\t\t\t\t\t\t\t\t\t\t\t<\/div>\n\t\t\t\t<\/div>\n\t\t\t\t\t<\/div>\n\t\t<\/div>\n\t\t\t\t\t<\/div>\n\t\t<\/section>\n\t\t\t\t<section class=\"elementor-section elementor-top-section elementor-element elementor-element-7885d93 elementor-section-boxed elementor-section-height-default elementor-section-height-default\" data-id=\"7885d93\" data-element_type=\"section\" data-settings=\"{&quot;background_background&quot;:&quot;classic&quot;}\">\n\t\t\t\t\t\t<div class=\"elementor-container elementor-column-gap-default\">\n\t\t\t\t\t<div class=\"elementor-column elementor-col-100 elementor-top-column elementor-element elementor-element-aca68de\" data-id=\"aca68de\" data-element_type=\"column\">\n\t\t\t<div class=\"elementor-widget-wrap\">\n\t\t\t\t\t\t\t<\/div>\n\t\t<\/div>\n\t\t\t\t\t<\/div>\n\t\t<\/section>\n\t\t\t\t<section class=\"elementor-section elementor-top-section elementor-element elementor-element-a2c21b6 elementor-section-boxed elementor-section-height-default elementor-section-height-default\" data-id=\"a2c21b6\" data-element_type=\"section\">\n\t\t\t\t\t\t<div class=\"elementor-container elementor-column-gap-default\">\n\t\t\t\t\t<div class=\"elementor-column elementor-col-66 elementor-top-column elementor-element elementor-element-cb43daa\" data-id=\"cb43daa\" data-element_type=\"column\">\n\t\t\t<div class=\"elementor-widget-wrap elementor-element-populated\">\n\t\t\t\t\t\t<div class=\"elementor-element elementor-element-7157d47 elementor-widget elementor-widget-heading\" data-id=\"7157d47\" data-element_type=\"widget\" data-widget_type=\"heading.default\">\n\t\t\t\t<div class=\"elementor-widget-container\">\n\t\t\t<h2 class=\"elementor-heading-title elementor-size-default\">SOBRE MI<\/h2>\t\t<\/div>\n\t\t\t\t<\/div>\n\t\t\t\t<div class=\"elementor-element elementor-element-e387b09 elementor-widget elementor-widget-text-editor\" data-id=\"e387b09\" data-element_type=\"widget\" data-widget_type=\"text-editor.default\">\n\t\t\t\t<div class=\"elementor-widget-container\">\n\t\t\t\t\t\t\t<h5>Des de petit he somiat dedicar la meva vida a l&#039;ofici d&#039;actor, anant a classes de teatre durant la meva inf\u00e0ncia i estudiant art dram\u00e0tic ja d&#039;adult, on m&#039;he format en disciplines com ara teatre cl\u00e0ssic, contemporani, improvisaci\u00f3 i com\u00e8dia de l&#039;art, teatre musical, treball de cambra\u2026<\/h5><h5>He participat en diversos muntatges teatrals i en rodatges de publicitat i ficci\u00f3, a m\u00e9s de comen\u00e7ar a escriure i dirigir els meus propis projectes. M&#039;apassiona la creaci\u00f3 de personatge des del joc i la curiositat, aix\u00ed com donar el meu propi toc a tot el que faig.<\/h5><h5>Tamb\u00e9 faig classes de teatre a grups de totes les edats amb la intenci\u00f3 de transmetre el meu amor cap a la interpretaci\u00f3 a qui vulgui comen\u00e7ar el seu propi recorregut.<\/h5>\t\t\t\t\t\t<\/div>\n\t\t\t\t<\/div>\n\t\t\t\t<div class=\"elementor-element elementor-element-690a0cf elementor-widget elementor-widget-image\" data-id=\"690a0cf\" data-element_type=\"widget\" data-widget_type=\"image.default\">\n\t\t\t\t<div class=\"elementor-widget-container\">\n\t\t\t\t\t\t\t\t\t\t\t\t\t<img decoding=\"async\" width=\"800\" height=\"601\" src=\"http:\/\/alangomezsanfeliu.es\/wp-content\/uploads\/2026\/04\/IMG_9639-1024x769.jpg\" class=\"attachment-large size-large wp-image-876\" alt=\"\" srcset=\"http:\/\/alangomezsanfeliu.es\/wp-content\/uploads\/2026\/04\/IMG_9639-1024x769.jpg 1024w, http:\/\/alangomezsanfeliu.es\/wp-content\/uploads\/2026\/04\/IMG_9639-300x225.jpg 300w, http:\/\/alangomezsanfeliu.es\/wp-content\/uploads\/2026\/04\/IMG_9639-768x577.jpg 768w, http:\/\/alangomezsanfeliu.es\/wp-content\/uploads\/2026\/04\/IMG_9639-1536x1154.jpg 1536w, http:\/\/alangomezsanfeliu.es\/wp-content\/uploads\/2026\/04\/IMG_9639-2048x1539.jpg 2048w\" sizes=\"(max-width: 800px) 100vw, 800px\" \/>\t\t\t\t\t\t\t\t\t\t\t\t\t<\/div>\n\t\t\t\t<\/div>\n\t\t\t\t\t<\/div>\n\t\t<\/div>\n\t\t\t\t<div class=\"elementor-column elementor-col-33 elementor-top-column elementor-element elementor-element-f1522c2\" data-id=\"f1522c2\" data-element_type=\"column\">\n\t\t\t<div class=\"elementor-widget-wrap elementor-element-populated\">\n\t\t\t\t\t\t<div class=\"elementor-element elementor-element-0ef6705 elementor-widget__width-initial elementor-widget elementor-widget-image\" data-id=\"0ef6705\" data-element_type=\"widget\" data-widget_type=\"image.default\">\n\t\t\t\t<div class=\"elementor-widget-container\">\n\t\t\t\t\t\t\t\t\t\t\t\t\t<img decoding=\"async\" width=\"683\" height=\"1024\" src=\"http:\/\/alangomezsanfeliu.es\/wp-content\/uploads\/2024\/11\/IMG_2965-1-683x1024.jpg\" class=\"attachment-large size-large wp-image-807\" alt=\"\" srcset=\"http:\/\/alangomezsanfeliu.es\/wp-content\/uploads\/2024\/11\/IMG_2965-1-683x1024.jpg 683w, http:\/\/alangomezsanfeliu.es\/wp-content\/uploads\/2024\/11\/IMG_2965-1-200x300.jpg 200w, http:\/\/alangomezsanfeliu.es\/wp-content\/uploads\/2024\/11\/IMG_2965-1-768x1152.jpg 768w, http:\/\/alangomezsanfeliu.es\/wp-content\/uploads\/2024\/11\/IMG_2965-1-1024x1536.jpg 1024w, http:\/\/alangomezsanfeliu.es\/wp-content\/uploads\/2024\/11\/IMG_2965-1-1365x2048.jpg 1365w, http:\/\/alangomezsanfeliu.es\/wp-content\/uploads\/2024\/11\/IMG_2965-1-scaled.jpg 1707w\" sizes=\"(max-width: 683px) 100vw, 683px\" \/>\t\t\t\t\t\t\t\t\t\t\t\t\t<\/div>\n\t\t\t\t<\/div>\n\t\t\t\t\t<\/div>\n\t\t<\/div>\n\t\t\t\t\t<\/div>\n\t\t<\/section>\n\t\t\t\t<\/div>","protected":false},"excerpt":{"rendered":"<p>SOBRE MI Des de petit he somiat dedicar la meva vida a l&#039;ofici d&#039;actor, anant a classes de teatre durant la meva inf\u00e0ncia i estudiant art dram\u00e0tic ja d&#039;adult, on m&#039;he format en disciplines com teatre cl\u00e0ssic, contemporani, improvisaci\u00f3 i com\u00e8dia de l&#039;art, teatre musical, treball de cambra\u2026 He participat en diversos muntatges teatrals [\u2026]<\/p>","protected":false},"author":1,"featured_media":0,"parent":0,"menu_order":0,"comment_status":"closed","ping_status":"closed","template":"elementor_header_footer","meta":{"footnotes":""},"_links":{"self":[{"href":"http:\/\/alangomezsanfeliu.es\/ca\/wp-json\/wp\/v2\/pages\/15"}],"collection":[{"href":"http:\/\/alangomezsanfeliu.es\/ca\/wp-json\/wp\/v2\/pages"}],"about":[{"href":"http:\/\/alangomezsanfeliu.es\/ca\/wp-json\/wp\/v2\/types\/page"}],"author":[{"embeddable":true,"href":"http:\/\/alangomezsanfeliu.es\/ca\/wp-json\/wp\/v2\/users\/1"}],"replies":[{"embeddable":true,"href":"http:\/\/alangomezsanfeliu.es\/ca\/wp-json\/wp\/v2\/comments?post=15"}],"version-history":[{"count":20,"href":"http:\/\/alangomezsanfeliu.es\/ca\/wp-json\/wp\/v2\/pages\/15\/revisions"}],"predecessor-version":[{"id":879,"href":"http:\/\/alangomezsanfeliu.es\/ca\/wp-json\/wp\/v2\/pages\/15\/revisions\/879"}],"wp:attachment":[{"href":"http:\/\/alangomezsanfeliu.es\/ca\/wp-json\/wp\/v2\/media?parent=15"}],"curies":[{"name":"wp","href":"https:\/\/api.w.org\/{rel}","templated":true}]}}